{"id":8909,"date":"2023-08-10T11:11:05","date_gmt":"2023-08-10T11:11:05","guid":{"rendered":"https:\/\/ogniskoakolada.com\/?page_id=8909"},"modified":"2025-01-21T12:20:54","modified_gmt":"2025-01-21T12:20:54","slug":"contact","status":"publish","type":"page","link":"https:\/\/ogniskoakolada.com\/index.php\/en\/contact\/","title":{"rendered":"Contact"},"content":{"rendered":"\n<p class=\"has-text-align-center\"><strong>please call<\/strong><\/p>\n\n\n\n<div class=\"wp-block-buttons is-content-justification-left is-layout-flex wp-container-core-buttons-is-layout-fdcfc74e wp-block-buttons-is-layout-flex\">\n<div class=\"wp-block-button has-custom-width wp-block-button__width-100 has-custom-font-size is-style-outline has-normal-font-size is-style-outline--1\"><a class=\"wp-block-button__link has-text-color wp-element-button\" href=\"tel:+48694194034\" style=\"color:#153845\">\u260f 694 194 034<\/a><\/div>\n<\/div>\n\n\n\n<div class=\"wp-block-buttons is-layout-flex wp-block-buttons-is-layout-flex\">\n<div class=\"wp-block-button has-custom-width wp-block-button__width-100 has-custom-font-size is-style-outline has-normal-font-size is-style-outline--2\"><a class=\"wp-block-button__link has-text-color wp-element-button\" href=\"tel:+48660109249\" style=\"border-radius:0px;color:#10292f\">\u260f 660 109 249 &#8211; SKRZYPCE<\/a><\/div>\n<\/div>\n\n\n\n<p class=\"has-text-align-center\"><strong>or e-mail<\/strong><\/p>\n\n\n\n<div class=\"wp-block-buttons is-content-justification-center is-layout-flex wp-container-core-buttons-is-layout-16018d1d wp-block-buttons-is-layout-flex\">\n<div class=\"wp-block-button has-custom-font-size is-style-outline has-small-font-size is-style-outline--3\"><a class=\"wp-block-button__link has-text-color wp-element-button\" href=\"mailto:ogniskoakolada@gmail.com\" style=\"color:#0b2b30\">\u2709 ogniskoakolada@gmail.com<\/a><\/div>\n<\/div>\n\n\n\n<h6 class=\"wp-block-heading\">OUR LOCATIONS :<\/h6>\n\n\n\n<p>\u2022 <strong>Gda\u0144sk Strzy\u017ca 1 &#8211; ul. Miko\u0142aja Gom\u00f3\u0142ki 9<\/strong><\/p>\n\n\n\n<iframe src=\"https:\/\/www.google.com\/maps\/embed?pb=!1m18!1m12!1m3!1d2323.4520155468!2d18.575787315447258!3d54.38433060415628!2m3!1f0!2f0!3f0!3m2!1i1024!2i768!4f13.1!3m3!1m2!1s0x46fd74e0c3b91037%3A0x9b9c1f86b6a535ef!2sOgnisko%20Muzyczne%20AKOLADA%20Strzy%C5%BCa%201!5e0!3m2!1spl!2spl!4v1625215426360!5m2!1spl!2spl\" width=\"600\" height=\"450\" style=\"border:0;\" allowfullscreen=\"\" loading=\"lazy\"><\/iframe>\n\n\n\n<p>\u2022 <strong>Gda\u0144sk Strzy\u017ca 2 \u2013 al. Wojska Polskiego 48<\/strong><\/p>\n\n\n\n<iframe src=\"https:\/\/www.google.com\/maps\/embed?pb=!1m18!1m12!1m3!1d2323.2442253959184!2d18.579448215447336!3d54.38800110387764!2m3!1f0!2f0!3f0!3m2!1i1024!2i768!4f13.1!3m3!1m2!1s0x46fd74dfed75d485%3A0xbd5100189a11469b!2sOgnisko%20Muzyczne%20AKOLADA%20Strzy%C5%BCa%202!5e0!3m2!1spl!2spl!4v1625215503590!5m2!1spl!2spl\" width=\"600\" height=\"450\" style=\"border:0;\" allowfullscreen=\"\" loading=\"lazy\"><\/iframe>\n\n\n\n<p>\u2022 <strong>Gda\u0144sk Osowa \u2013 ul.Siedleckiego 14<\/strong><\/p>\n\n\n\n<iframe src=\"https:\/\/www.google.com\/maps\/embed?pb=!1m18!1m12!1m3!1d2320.834652772831!2d18.466128415449187!3d54.43055260064803!2m3!1f0!2f0!3f0!3m2!1i1024!2i768!4f13.1!3m3!1m2!1s0x46fda02be97cadbf%3A0xb40028076b903089!2sOgnisko%20Muzyczne%20AKOLADA%20Osowa!5e0!3m2!1spl!2spl!4v1625215593245!5m2!1spl!2spl\" width=\"600\" height=\"450\" style=\"border:0;\" allowfullscreen=\"\" loading=\"lazy\"><\/iframe>\n\n\n\n<div class=\"wp-block-buttons is-layout-flex wp-block-buttons-is-layout-flex\"><\/div>\n","protected":false},"excerpt":{"rendered":"<p>please call or e-mail OUR LOCATIONS : \u2022 Gda\u0144sk Strzy\u017ca 1 &#8211; ul. Miko\u0142aja Gom\u00f3\u0142ki 9 \u2022 Gda\u0144sk Strzy\u017ca 2 \u2013 al. Wojska Polskiego 48 \u2022 Gda\u0144sk Osowa \u2013 ul.Siedleckiego 14<\/p>\n","protected":false},"author":2,"featured_media":0,"parent":0,"menu_order":10,"comment_status":"closed","ping_status":"closed","template":"","meta":{"om_disable_all_campaigns":false,"_monsterinsights_skip_tracking":false,"_monsterinsights_sitenote_active":false,"_monsterinsights_sitenote_note":"","_monsterinsights_sitenote_category":0,"_uf_show_specific_survey":0,"_uf_disable_surveys":false,"footnotes":""},"class_list":["post-8909","page","type-page","status-publish","hentry"],"aioseo_notices":[],"jetpack_sharing_enabled":true,"_links":{"self":[{"href":"https:\/\/ogniskoakolada.com\/index.php\/wp-json\/wp\/v2\/pages\/8909","targetHints":{"allow":["GET"]}}],"collection":[{"href":"https:\/\/ogniskoakolada.com\/index.php\/wp-json\/wp\/v2\/pages"}],"about":[{"href":"https:\/\/ogniskoakolada.com\/index.php\/wp-json\/wp\/v2\/types\/page"}],"author":[{"embeddable":true,"href":"https:\/\/ogniskoakolada.com\/index.php\/wp-json\/wp\/v2\/users\/2"}],"replies":[{"embeddable":true,"href":"https:\/\/ogniskoakolada.com\/index.php\/wp-json\/wp\/v2\/comments?post=8909"}],"version-history":[{"count":12,"href":"https:\/\/ogniskoakolada.com\/index.php\/wp-json\/wp\/v2\/pages\/8909\/revisions"}],"predecessor-version":[{"id":9517,"href":"https:\/\/ogniskoakolada.com\/index.php\/wp-json\/wp\/v2\/pages\/8909\/revisions\/9517"}],"wp:attachment":[{"href":"https:\/\/ogniskoakolada.com\/index.php\/wp-json\/wp\/v2\/media?parent=8909"}],"curies":[{"name":"wp","href":"https:\/\/api.w.org\/{rel}","templated":true}]}}