{"id":23,"date":"2021-05-05T10:47:38","date_gmt":"2021-05-05T10:47:38","guid":{"rendered":"http:\/\/ogniskoakolada.com\/?page_id=23"},"modified":"2026-01-27T10:49:29","modified_gmt":"2026-01-27T10:49:29","slug":"o-nas","status":"publish","type":"page","link":"https:\/\/ogniskoakolada.com\/index.php\/o-nas\/","title":{"rendered":"O nas"},"content":{"rendered":"\n<p>Wszyscy nauczyciele pracuj\u0105cy w AKOLADZIE maj\u0105 wykszta\u0142cenie muzyczne oraz przygotowanie pedagogiczne. Przede wszystkim jednak &#8211; czuj\u0105 si\u0119 spe\u0142nieni w swojej roli. Potwierdzaj\u0105 to nasi uczniowie, kt\u00f3rzy ch\u0119tnie przychodz\u0105 na zaj\u0119cia, i r\u00f3wnie ch\u0119tnie dziel\u0105 si\u0119 swoimi muzycznymi osi\u0105gni\u0119ciami na koncertach AKOLADY, a tak\u017ce na naszych stronach w internecie.<\/p>\n\n\n\n<div class=\"wp-block-cover is-light has-custom-content-position is-position-bottom-right\"><span aria-hidden=\"true\" class=\"wp-block-cover__background has-background-dim\"><\/span><img data-recalc-dims=\"1\" fetchpriority=\"high\" decoding=\"async\" width=\"580\" height=\"395\" class=\"wp-block-cover__image-background wp-image-8994\" alt=\"\" src=\"https:\/\/i0.wp.com\/ogniskoakolada.com\/wp-content\/uploads\/2023\/08\/m.najbar.jpg?resize=580%2C395&#038;ssl=1\" data-object-fit=\"cover\" srcset=\"https:\/\/i0.wp.com\/ogniskoakolada.com\/wp-content\/uploads\/2023\/08\/m.najbar.jpg?w=2356&amp;ssl=1 2356w, https:\/\/i0.wp.com\/ogniskoakolada.com\/wp-content\/uploads\/2023\/08\/m.najbar.jpg?resize=300%2C204&amp;ssl=1 300w, https:\/\/i0.wp.com\/ogniskoakolada.com\/wp-content\/uploads\/2023\/08\/m.najbar.jpg?resize=1024%2C697&amp;ssl=1 1024w, https:\/\/i0.wp.com\/ogniskoakolada.com\/wp-content\/uploads\/2023\/08\/m.najbar.jpg?resize=768%2C523&amp;ssl=1 768w, https:\/\/i0.wp.com\/ogniskoakolada.com\/wp-content\/uploads\/2023\/08\/m.najbar.jpg?resize=1536%2C1046&amp;ssl=1 1536w, https:\/\/i0.wp.com\/ogniskoakolada.com\/wp-content\/uploads\/2023\/08\/m.najbar.jpg?resize=2048%2C1394&amp;ssl=1 2048w, https:\/\/i0.wp.com\/ogniskoakolada.com\/wp-content\/uploads\/2023\/08\/m.najbar.jpg?resize=1200%2C817&amp;ssl=1 1200w, https:\/\/i0.wp.com\/ogniskoakolada.com\/wp-content\/uploads\/2023\/08\/m.najbar.jpg?resize=1980%2C1348&amp;ssl=1 1980w, https:\/\/i0.wp.com\/ogniskoakolada.com\/wp-content\/uploads\/2023\/08\/m.najbar.jpg?w=1740&amp;ssl=1 1740w\" sizes=\"(max-width: 580px) 100vw, 580px\" \/><div class=\"wp-block-cover__inner-container is-layout-flow wp-block-cover-is-layout-flow\">\n<p class=\"has-text-align-center has-large-font-size\"><strong><mark style=\"background-color:rgba(0, 0, 0, 0);color:#ffffff\" class=\"has-inline-color\">Marek Najbar<\/mark><\/strong><\/p>\n\n\n\n<p><mark style=\"background-color:rgba(0, 0, 0, 0);color:#fafafa\" class=\"has-inline-color\">(wiolonczela, gitara, pianino, zespo\u0142y)<\/mark><\/p>\n<\/div><\/div>\n\n\n\n<div class=\"wp-block-cover is-light has-custom-content-position is-position-bottom-right\"><span aria-hidden=\"true\" class=\"wp-block-cover__background has-background-dim\"><\/span><img data-recalc-dims=\"1\" decoding=\"async\" width=\"580\" height=\"447\" class=\"wp-block-cover__image-background wp-image-8996\" alt=\"\" src=\"https:\/\/i0.wp.com\/ogniskoakolada.com\/wp-content\/uploads\/2023\/08\/a.najbar-1.jpg?resize=580%2C447&#038;ssl=1\" data-object-fit=\"cover\" srcset=\"https:\/\/i0.wp.com\/ogniskoakolada.com\/wp-content\/uploads\/2023\/08\/a.najbar-1.jpg?w=973&amp;ssl=1 973w, https:\/\/i0.wp.com\/ogniskoakolada.com\/wp-content\/uploads\/2023\/08\/a.najbar-1.jpg?resize=300%2C231&amp;ssl=1 300w, https:\/\/i0.wp.com\/ogniskoakolada.com\/wp-content\/uploads\/2023\/08\/a.najbar-1.jpg?resize=768%2C592&amp;ssl=1 768w\" sizes=\"(max-width: 580px) 100vw, 580px\" \/><div class=\"wp-block-cover__inner-container is-layout-flow wp-block-cover-is-layout-flow\">\n<p class=\"has-text-align-center has-large-font-size\"><mark style=\"background-color:rgba(0, 0, 0, 0);color:#f9f9f9\" class=\"has-inline-color\"><strong>Anna Najbar<\/strong><\/mark><\/p>\n\n\n\n<p><mark style=\"background-color:rgba(0, 0, 0, 0);color:#faf7f7\" class=\"has-inline-color\">(skrzypce, orkiestra smyczkowa)<\/mark><\/p>\n<\/div><\/div>\n\n\n\n<div class=\"wp-block-cover is-light has-custom-content-position is-position-bottom-right\"><span aria-hidden=\"true\" class=\"wp-block-cover__background has-background-dim\"><\/span><img data-recalc-dims=\"1\" decoding=\"async\" width=\"580\" height=\"646\" class=\"wp-block-cover__image-background wp-image-8998\" alt=\"\" src=\"https:\/\/i0.wp.com\/ogniskoakolada.com\/wp-content\/uploads\/2023\/08\/w.wilk_-1.jpg?resize=580%2C646&#038;ssl=1\" data-object-fit=\"cover\" srcset=\"https:\/\/i0.wp.com\/ogniskoakolada.com\/wp-content\/uploads\/2023\/08\/w.wilk_-1.jpg?w=654&amp;ssl=1 654w, https:\/\/i0.wp.com\/ogniskoakolada.com\/wp-content\/uploads\/2023\/08\/w.wilk_-1.jpg?resize=270%2C300&amp;ssl=1 270w\" sizes=\"(max-width: 580px) 100vw, 580px\" \/><div class=\"wp-block-cover__inner-container is-layout-flow wp-block-cover-is-layout-flow\">\n<p class=\"has-text-align-center has-large-font-size\"><strong><mark style=\"background-color:rgba(0, 0, 0, 0);color:#fbf9f9\" class=\"has-inline-color\">Weronika Wilk<\/mark><\/strong><\/p>\n\n\n\n<p><mark style=\"background-color:rgba(0, 0, 0, 0);color:#f9f9f9\" class=\"has-inline-color\">(pianino)<\/mark><\/p>\n<\/div><\/div>\n\n\n\n<figure class=\"wp-block-image size-large\"><img data-recalc-dims=\"1\" loading=\"lazy\" decoding=\"async\" width=\"580\" height=\"326\" src=\"https:\/\/i0.wp.com\/ogniskoakolada.com\/wp-content\/uploads\/2023\/08\/20230618_154200.jpg?resize=580%2C326&#038;ssl=1\" alt=\"\" class=\"wp-image-8747\" srcset=\"https:\/\/i0.wp.com\/ogniskoakolada.com\/wp-content\/uploads\/2023\/08\/20230618_154200-scaled.jpg?resize=1024%2C576&amp;ssl=1 1024w, https:\/\/i0.wp.com\/ogniskoakolada.com\/wp-content\/uploads\/2023\/08\/20230618_154200-scaled.jpg?resize=300%2C169&amp;ssl=1 300w, https:\/\/i0.wp.com\/ogniskoakolada.com\/wp-content\/uploads\/2023\/08\/20230618_154200-scaled.jpg?resize=768%2C432&amp;ssl=1 768w, https:\/\/i0.wp.com\/ogniskoakolada.com\/wp-content\/uploads\/2023\/08\/20230618_154200-scaled.jpg?resize=1536%2C864&amp;ssl=1 1536w, https:\/\/i0.wp.com\/ogniskoakolada.com\/wp-content\/uploads\/2023\/08\/20230618_154200-scaled.jpg?resize=2048%2C1153&amp;ssl=1 2048w, https:\/\/i0.wp.com\/ogniskoakolada.com\/wp-content\/uploads\/2023\/08\/20230618_154200-scaled.jpg?resize=1200%2C675&amp;ssl=1 1200w, https:\/\/i0.wp.com\/ogniskoakolada.com\/wp-content\/uploads\/2023\/08\/20230618_154200-scaled.jpg?resize=1980%2C1114&amp;ssl=1 1980w, https:\/\/i0.wp.com\/ogniskoakolada.com\/wp-content\/uploads\/2023\/08\/20230618_154200-scaled.jpg?w=1740&amp;ssl=1 1740w\" sizes=\"(max-width: 580px) 100vw, 580px\" \/><\/figure>\n\n\n\n<figure class=\"wp-block-gallery has-nested-images columns-default is-cropped wp-block-gallery-1 is-layout-flex wp-block-gallery-is-layout-flex\">\n<figure class=\"wp-block-image size-large\"><img data-recalc-dims=\"1\" loading=\"lazy\" decoding=\"async\" width=\"580\" height=\"387\" data-id=\"4546\" src=\"https:\/\/i0.wp.com\/ogniskoakolada.com\/wp-content\/uploads\/2021\/08\/DSC_0066-1.jpg?resize=580%2C387&#038;ssl=1\" alt=\"\" class=\"wp-image-4546\" srcset=\"https:\/\/i0.wp.com\/ogniskoakolada.com\/wp-content\/uploads\/2021\/08\/DSC_0066-1.jpg?w=1024&amp;ssl=1 1024w, https:\/\/i0.wp.com\/ogniskoakolada.com\/wp-content\/uploads\/2021\/08\/DSC_0066-1.jpg?resize=300%2C200&amp;ssl=1 300w, https:\/\/i0.wp.com\/ogniskoakolada.com\/wp-content\/uploads\/2021\/08\/DSC_0066-1.jpg?resize=768%2C512&amp;ssl=1 768w\" sizes=\"(max-width: 580px) 100vw, 580px\" \/><\/figure>\n<\/figure>\n\n\n\n<figure class=\"wp-block-gallery has-nested-images columns-default is-cropped wp-block-gallery-2 is-layout-flex wp-block-gallery-is-layout-flex\">\n<figure class=\"wp-block-image size-large\"><img data-recalc-dims=\"1\" loading=\"lazy\" decoding=\"async\" width=\"580\" height=\"290\" data-id=\"8416\" src=\"https:\/\/i0.wp.com\/ogniskoakolada.com\/wp-content\/uploads\/2022\/09\/IMG_20220106_125217a.jpg?resize=580%2C290&#038;ssl=1\" alt=\"\" class=\"wp-image-8416\" srcset=\"https:\/\/i0.wp.com\/ogniskoakolada.com\/wp-content\/uploads\/2022\/09\/IMG_20220106_125217a-scaled.jpg?resize=1024%2C512&amp;ssl=1 1024w, https:\/\/i0.wp.com\/ogniskoakolada.com\/wp-content\/uploads\/2022\/09\/IMG_20220106_125217a-scaled.jpg?resize=300%2C150&amp;ssl=1 300w, https:\/\/i0.wp.com\/ogniskoakolada.com\/wp-content\/uploads\/2022\/09\/IMG_20220106_125217a-scaled.jpg?resize=768%2C384&amp;ssl=1 768w, https:\/\/i0.wp.com\/ogniskoakolada.com\/wp-content\/uploads\/2022\/09\/IMG_20220106_125217a-scaled.jpg?resize=1536%2C768&amp;ssl=1 1536w, https:\/\/i0.wp.com\/ogniskoakolada.com\/wp-content\/uploads\/2022\/09\/IMG_20220106_125217a-scaled.jpg?resize=2048%2C1024&amp;ssl=1 2048w, https:\/\/i0.wp.com\/ogniskoakolada.com\/wp-content\/uploads\/2022\/09\/IMG_20220106_125217a-scaled.jpg?resize=1200%2C600&amp;ssl=1 1200w, https:\/\/i0.wp.com\/ogniskoakolada.com\/wp-content\/uploads\/2022\/09\/IMG_20220106_125217a-scaled.jpg?resize=1980%2C990&amp;ssl=1 1980w, https:\/\/i0.wp.com\/ogniskoakolada.com\/wp-content\/uploads\/2022\/09\/IMG_20220106_125217a-scaled.jpg?w=1740&amp;ssl=1 1740w\" sizes=\"(max-width: 580px) 100vw, 580px\" \/><\/figure>\n<\/figure>\n\n\n\n<figure class=\"wp-block-gallery has-nested-images columns-default is-cropped wp-block-gallery-3 is-layout-flex wp-block-gallery-is-layout-flex\">\n<figure class=\"wp-block-image size-large\"><img data-recalc-dims=\"1\" loading=\"lazy\" decoding=\"async\" width=\"580\" height=\"435\" data-id=\"4558\" src=\"https:\/\/i0.wp.com\/ogniskoakolada.com\/wp-content\/uploads\/2021\/08\/IMG_20180614_184352.jpg?resize=580%2C435&#038;ssl=1\" alt=\"\" class=\"wp-image-4558\" srcset=\"https:\/\/i0.wp.com\/ogniskoakolada.com\/wp-content\/uploads\/2021\/08\/IMG_20180614_184352-scaled.jpg?resize=1024%2C768&amp;ssl=1 1024w, https:\/\/i0.wp.com\/ogniskoakolada.com\/wp-content\/uploads\/2021\/08\/IMG_20180614_184352-scaled.jpg?resize=300%2C225&amp;ssl=1 300w, https:\/\/i0.wp.com\/ogniskoakolada.com\/wp-content\/uploads\/2021\/08\/IMG_20180614_184352-scaled.jpg?resize=768%2C576&amp;ssl=1 768w, https:\/\/i0.wp.com\/ogniskoakolada.com\/wp-content\/uploads\/2021\/08\/IMG_20180614_184352-scaled.jpg?resize=1536%2C1152&amp;ssl=1 1536w, https:\/\/i0.wp.com\/ogniskoakolada.com\/wp-content\/uploads\/2021\/08\/IMG_20180614_184352-scaled.jpg?resize=2048%2C1536&amp;ssl=1 2048w, https:\/\/i0.wp.com\/ogniskoakolada.com\/wp-content\/uploads\/2021\/08\/IMG_20180614_184352-scaled.jpg?resize=1200%2C900&amp;ssl=1 1200w, https:\/\/i0.wp.com\/ogniskoakolada.com\/wp-content\/uploads\/2021\/08\/IMG_20180614_184352-scaled.jpg?resize=1980%2C1485&amp;ssl=1 1980w, https:\/\/i0.wp.com\/ogniskoakolada.com\/wp-content\/uploads\/2021\/08\/IMG_20180614_184352-scaled.jpg?w=1740&amp;ssl=1 1740w\" sizes=\"(max-width: 580px) 100vw, 580px\" \/><\/figure>\n<\/figure>\n","protected":false},"excerpt":{"rendered":"<p>Wszyscy nauczyciele pracuj\u0105cy w AKOLADZIE maj\u0105 wykszta\u0142cenie muzyczne oraz przygotowanie pedagogiczne. Przede wszystkim jednak &#8211; czuj\u0105 si\u0119 spe\u0142nieni w swojej roli. Potwierdzaj\u0105 to nasi uczniowie, kt\u00f3rzy ch\u0119tnie przychodz\u0105 na zaj\u0119cia, i r\u00f3wnie ch\u0119tnie dziel\u0105 si\u0119 swoimi muzycznymi osi\u0105gni\u0119ciami na koncertach AKOLADY, a tak\u017ce na naszych stronach w internecie.<\/p>\n","protected":false},"author":2,"featured_media":0,"parent":0,"menu_order":5,"comment_status":"closed","ping_status":"closed","template":"","meta":{"om_disable_all_campaigns":false,"_monsterinsights_skip_tracking":false,"_monsterinsights_sitenote_active":false,"_monsterinsights_sitenote_note":"","_monsterinsights_sitenote_category":0,"_uf_show_specific_survey":0,"_uf_disable_surveys":false,"footnotes":""},"class_list":["post-23","page","type-page","status-publish","hentry"],"aioseo_notices":[],"jetpack_sharing_enabled":true,"_links":{"self":[{"href":"https:\/\/ogniskoakolada.com\/index.php\/wp-json\/wp\/v2\/pages\/23","targetHints":{"allow":["GET"]}}],"collection":[{"href":"https:\/\/ogniskoakolada.com\/index.php\/wp-json\/wp\/v2\/pages"}],"about":[{"href":"https:\/\/ogniskoakolada.com\/index.php\/wp-json\/wp\/v2\/types\/page"}],"author":[{"embeddable":true,"href":"https:\/\/ogniskoakolada.com\/index.php\/wp-json\/wp\/v2\/users\/2"}],"replies":[{"embeddable":true,"href":"https:\/\/ogniskoakolada.com\/index.php\/wp-json\/wp\/v2\/comments?post=23"}],"version-history":[{"count":24,"href":"https:\/\/ogniskoakolada.com\/index.php\/wp-json\/wp\/v2\/pages\/23\/revisions"}],"predecessor-version":[{"id":12709,"href":"https:\/\/ogniskoakolada.com\/index.php\/wp-json\/wp\/v2\/pages\/23\/revisions\/12709"}],"wp:attachment":[{"href":"https:\/\/ogniskoakolada.com\/index.php\/wp-json\/wp\/v2\/media?parent=23"}],"curies":[{"name":"wp","href":"https:\/\/api.w.org\/{rel}","templated":true}]}}