{"id":1935,"date":"2021-08-11T20:23:15","date_gmt":"2021-08-11T20:23:15","guid":{"rendered":"https:\/\/ogniskoakolada.com\/?page_id=1935"},"modified":"2026-01-27T10:48:39","modified_gmt":"2026-01-27T10:48:39","slug":"oferta","status":"publish","type":"page","link":"https:\/\/ogniskoakolada.com\/index.php\/oferta\/","title":{"rendered":"Oferta"},"content":{"rendered":"<p>\n\n\n<ul class=\"wp-block-list\">\n<li>Nauka gry na nast\u0119puj\u0105cych instrumentach (indywidualnie oraz w grupach dwu i trzyosobowych) :<p><\/p>\n<ul class=\"wp-block-list\">\n<p><\/p>\n<li>fortepian\/pianino<\/li>\n<p>\n\n\n\n<li>skrzypce<\/li>\n\n\n\n<\/p>\n<li>wiolonczela<\/li>\n<p>\n\n\n\n<\/p>\n<li>gitara klasyczna\/akustyczna\/elektryczna\/basowa<\/li>\n<p>\n\n\n\n<\/p>\n<li>ukulele<\/li>\n<p>\n\n\n\n<\/p>\n<li>perkusja<\/li>\n<p>\n\n\n\n<\/p>\n<li>flet prosty<\/li>\n<p>\n<\/ul>\n<\/li>\n\n\n\n<\/p>\n<li>Zesp\u00f3\u0142 gitarowy<\/li>\n<p>\n\n\n\n<\/p>\n<li>Orkiestra smyczkowa<\/li>\n<p>\n\n\n\n<\/p>\n<li>Zaj\u0119cia rytmiczno-umuzykalniaj\u0105ce dla dzieci 4-6 lat (w grupie 3-6 osobowej)<\/li>\n<p>\n\n\n\n<\/p>\n<li>Nauka teorii muzyki<\/li>\n<p>\n\n\n\n<\/p>\n<li>R\u00f3\u017cnorodne i sprawdzone materia\u0142y dydaktyczne, aran\u017cacje w\u0142asne<\/li>\n<p>\n\n\n\n<\/p>\n<li>Wypo\u017cyczanie instrument\u00f3w (skrzypce, gitara klasyczna, ukulele &#8211; oferta tylko dla naszych uczni\u00f3w)<\/li>\n<p>\n\n\n\n<\/p>\n<li>Koncerty semestralne<\/li>\n<p>\n<\/ul>\n\n\n\n<\/p>\n<p>\n\n\n<\/p>","protected":false},"excerpt":{"rendered":"","protected":false},"author":2,"featured_media":0,"parent":0,"menu_order":3,"comment_status":"closed","ping_status":"closed","template":"","meta":{"om_disable_all_campaigns":false,"_monsterinsights_skip_tracking":false,"_monsterinsights_sitenote_active":false,"_monsterinsights_sitenote_note":"","_monsterinsights_sitenote_category":0,"_uf_show_specific_survey":0,"_uf_disable_surveys":false,"footnotes":""},"class_list":["post-1935","page","type-page","status-publish","hentry"],"aioseo_notices":[],"jetpack_sharing_enabled":true,"_links":{"self":[{"href":"https:\/\/ogniskoakolada.com\/index.php\/wp-json\/wp\/v2\/pages\/1935","targetHints":{"allow":["GET"]}}],"collection":[{"href":"https:\/\/ogniskoakolada.com\/index.php\/wp-json\/wp\/v2\/pages"}],"about":[{"href":"https:\/\/ogniskoakolada.com\/index.php\/wp-json\/wp\/v2\/types\/page"}],"author":[{"embeddable":true,"href":"https:\/\/ogniskoakolada.com\/index.php\/wp-json\/wp\/v2\/users\/2"}],"replies":[{"embeddable":true,"href":"https:\/\/ogniskoakolada.com\/index.php\/wp-json\/wp\/v2\/comments?post=1935"}],"version-history":[{"count":14,"href":"https:\/\/ogniskoakolada.com\/index.php\/wp-json\/wp\/v2\/pages\/1935\/revisions"}],"predecessor-version":[{"id":12705,"href":"https:\/\/ogniskoakolada.com\/index.php\/wp-json\/wp\/v2\/pages\/1935\/revisions\/12705"}],"wp:attachment":[{"href":"https:\/\/ogniskoakolada.com\/index.php\/wp-json\/wp\/v2\/media?parent=1935"}],"curies":[{"name":"wp","href":"https:\/\/api.w.org\/{rel}","templated":true}]}}