{"id":110,"date":"2021-05-16T19:03:39","date_gmt":"2021-05-16T19:03:39","guid":{"rendered":"https:\/\/ogniskoakolada.com\/?page_id=110"},"modified":"2026-01-27T10:47:27","modified_gmt":"2026-01-27T10:47:27","slug":"cennik","status":"publish","type":"page","link":"https:\/\/ogniskoakolada.com\/index.php\/cennik\/","title":{"rendered":"Cennik  2025\/2026"},"content":{"rendered":"\n<figure class=\"wp-block-table alignwide is-style-regular\" id=\"cennikzaj\u0119\u0107\"><table class=\"has-background\" style=\"background-color:#e9fbe5\"><tbody><tr><td><\/td><td><strong>cena za miesi\u0105c<\/strong> * <\/td><\/tr><tr><td>\u00a0lekcje <strong>indywidualne<\/strong> (wszystkie instrumenty)<\/td><td><strong>520,00<\/strong> z\u0142 \/ m-c (1 x 60 min tygodniowo)<\/td><\/tr><tr><td>\u00a0lekcje <strong>indywidualne<\/strong> (wszystkie instrumenty)<\/td><td><strong>390,00<\/strong> z\u0142 \/ m-c (1 x 45 min tygodniowo)<\/td><\/tr><tr><td>lekcje <strong>indywidualne<\/strong> (wszystkie instrumenty)<\/td><td><strong>280,00<\/strong> z\u0142 \/ m-c (1 x 30 min tygodniowo)<\/td><\/tr><tr><td>lekcje <strong>dwuosobowe<\/strong> (gitara, flet prosty, ukulele, pianino)<\/td><td><strong>340,00<\/strong> z\u0142 \/ m-c za osob\u0119 <br>(1 x 60 min tygodniowo)<\/td><\/tr><tr><td>lekcje <strong>dwuosobowe<\/strong> (gitara, flet prosty, ukulele, pianino)<\/td><td><strong>270,00<\/strong> z\u0142 \/ m-c za osob\u0119 <br>(1 x 45 min tygodniowo)<\/td><\/tr><tr><td>lekcje <strong>dwuosobowe<\/strong> (gitara, flet prosty, ukulele, pianino)<\/td><td><strong>190,00<\/strong> z\u0142 \/ m-c za osob\u0119 <br>(1 x 30 min tygodniowo)<\/td><\/tr><tr><td>lekcje <strong>trzyosobowe<\/strong>\u00a0(gitara, flet prosty, ukulele)<\/td><td><strong>260,00<\/strong> z\u0142 \/ m-c za osob\u0119 (1 x 60 min tygodniowo)<\/td><\/tr><tr><td>lekcje <strong>trzyosobowe<\/strong>\u00a0(gitara, flet prosty, ukulele)<\/td><td><strong>195,00<\/strong> z\u0142 \/ m-c za osob\u0119 (1 x 45 min tygodniowo)<\/td><\/tr><tr><td><strong>zaj\u0119cia rytmiczno-umuzykalniaj\u0105ce<\/strong> <br>w grupie 3-osobowej (dzieci w wieku 4 &#8211; 6 lat)<\/td><td><strong>140,00<\/strong> z\u0142 \/ m-c za osob\u0119 (1 x 30 min tygodniowo)<\/td><\/tr><tr><td>wypo\u017cyczenie gitary<\/td><td>od <strong>45,00<\/strong> z\u0142 \/ m-c (tylko dla uczni\u00f3w Ogniska)<\/td><\/tr><tr><td>wypo\u017cyczenie skrzypiec<\/td><td><strong>50,00<\/strong> z\u0142 \/ m-c (tylko dla uczni\u00f3w Ogniska)<\/td><\/tr><tr><td>wypo\u017cyczenie keyboardu<\/td><td>od <strong>80,00<\/strong> z\u0142 \/ m-c (tylko dla uczni\u00f3w Ogniska)<\/td><\/tr><tr><td>wypo\u017cyczenie wiolonczeli<\/td><td>od <strong>100,00<\/strong> z\u0142 \/ m-c (tylko dla uczni\u00f3w Ogniska)<\/td><\/tr><\/tbody><\/table><\/figure>\n\n\n\n<p>* Op\u0142ata sta\u0142a we wszystkich miesi\u0105cach roku szkolnego. \u0141\u0105czna ilo\u015b\u0107 lekcji od pocz\u0105tku wrze\u015bnia do ko\u0144ca czerwca wynosi <strong>37 + 2<\/strong> koncerty semestralne. <strong>Dni wolne od zaj\u0119\u0107 w Akoladzie:<\/strong><\/p>\n\n\n\n<ul class=\"wp-block-list\">\n<li>Uroczysto\u015b\u0107 Wszystkich \u015awi\u0119tych 01.11<\/li>\n\n\n\n<li>Dzie\u0144 Niepodleg\u0142o\u015bci 11.11<\/li>\n\n\n\n<li>Zimowa przerwa \u015bwi\u0105teczna 22.12-29.12<\/li>\n\n\n\n<li>Przerwa noworoczna 31.12-01.01<\/li>\n\n\n\n<li>\u015awi\u0119to Trzech Kr\u00f3li 06.01<\/li>\n\n\n\n<li>Ferie zimowe 19.01-01.02<\/li>\n\n\n\n<li>Wiosenna przerwa \u015bwi\u0105teczna 02.04-07.04<\/li>\n\n\n\n<li>Maj\u00f3wka 01.05-03.05<\/li>\n\n\n\n<li>Weekend Bo\u017cego Cia\u0142a 04.06-07.06<\/li>\n\n\n\n<li>Ferie letnie od 27.06<\/li>\n<\/ul>\n\n\n\n<p><\/p>\n","protected":false},"excerpt":{"rendered":"<p>cena za miesi\u0105c * \u00a0lekcje indywidualne (wszystkie instrumenty) 520,00 z\u0142 \/ m-c (1 x 60 min tygodniowo) \u00a0lekcje indywidualne (wszystkie instrumenty) 390,00 z\u0142 \/ m-c (1 x 45 min tygodniowo) lekcje indywidualne (wszystkie instrumenty) 280,00 z\u0142 \/ m-c (1 x 30 min tygodniowo) lekcje dwuosobowe (gitara, flet prosty, ukulele, pianino) 340,00 z\u0142 \/ m-c za [&hellip;]<\/p>\n","protected":false},"author":2,"featured_media":0,"parent":0,"menu_order":7,"comment_status":"closed","ping_status":"closed","template":"","meta":{"om_disable_all_campaigns":false,"_monsterinsights_skip_tracking":false,"_monsterinsights_sitenote_active":false,"_monsterinsights_sitenote_note":"","_monsterinsights_sitenote_category":0,"_uf_show_specific_survey":0,"_uf_disable_surveys":false,"footnotes":""},"class_list":["post-110","page","type-page","status-publish","hentry"],"aioseo_notices":[],"jetpack_sharing_enabled":true,"_links":{"self":[{"href":"https:\/\/ogniskoakolada.com\/index.php\/wp-json\/wp\/v2\/pages\/110","targetHints":{"allow":["GET"]}}],"collection":[{"href":"https:\/\/ogniskoakolada.com\/index.php\/wp-json\/wp\/v2\/pages"}],"about":[{"href":"https:\/\/ogniskoakolada.com\/index.php\/wp-json\/wp\/v2\/types\/page"}],"author":[{"embeddable":true,"href":"https:\/\/ogniskoakolada.com\/index.php\/wp-json\/wp\/v2\/users\/2"}],"replies":[{"embeddable":true,"href":"https:\/\/ogniskoakolada.com\/index.php\/wp-json\/wp\/v2\/comments?post=110"}],"version-history":[{"count":61,"href":"https:\/\/ogniskoakolada.com\/index.php\/wp-json\/wp\/v2\/pages\/110\/revisions"}],"predecessor-version":[{"id":12708,"href":"https:\/\/ogniskoakolada.com\/index.php\/wp-json\/wp\/v2\/pages\/110\/revisions\/12708"}],"wp:attachment":[{"href":"https:\/\/ogniskoakolada.com\/index.php\/wp-json\/wp\/v2\/media?parent=110"}],"curies":[{"name":"wp","href":"https:\/\/api.w.org\/{rel}","templated":true}]}}